{"id":1096,"date":"2014-10-07T11:53:59","date_gmt":"2014-10-07T10:53:59","guid":{"rendered":"http:\/\/www.xn--bchburgschrnzer-0kbk.ch\/?page_id=1096"},"modified":"2021-03-18T21:15:22","modified_gmt":"2021-03-18T20:15:22","slug":"ueber-uns","status":"publish","type":"page","link":"http:\/\/www.xn--bchburgschrnzer-0kbk.ch\/?page_id=1096","title":{"rendered":"\u00dcber uns"},"content":{"rendered":"<p>Der Verein wurde 1977 gegr\u00fcndet unter dem namen B\u00e4chburg-Schr\u00e4nzer. Bis heute Musizieren wir unter diesem Namen. Wir sind ein geselliger Haufen musizierender Individuen, die Spass haben an der Fasnacht die Leute mit schrillen und schr\u00e4gen T\u00f6nen zu unterhalten. Da auch unser Nachwuchs die Freude an der Fasnacht gefunden hat, haben wir seit 2019 auch diese dabei. Sie proben mit uns und es macht ihnen viel Spass. Da sie sehr Motiviert sind, haben sie grosse Fortschritte gemacht. Wir gestalten auch neben der Saison unser Vereinsleben mit verschiedenen Aktivit\u00e4ten.<\/p>\n<p>&nbsp;<\/p>\n","protected":false},"excerpt":{"rendered":"<p>Der Verein wurde 1977 gegr\u00fcndet unter dem namen B\u00e4chburg-Schr\u00e4nzer. Bis heute Musizieren wir unter diesem Namen. Wir sind ein geselliger Haufen musizierender Individuen, die Spass haben an der Fasnacht die Leute mit schrillen und schr\u00e4gen T\u00f6nen zu unterhalten. Da auch unser Nachwuchs die Freude an der Fasnacht gefunden hat, haben wir seit 2019 auch diese &hellip; <\/p>\n<p class=\"link-more\"><a href=\"http:\/\/www.xn--bchburgschrnzer-0kbk.ch\/?page_id=1096\" class=\"more-link\"><span class=\"screen-reader-text\">\u201e\u00dcber uns\u201c <\/span>weiterlesen<\/a><\/p>\n","protected":false},"author":1,"featured_media":0,"parent":0,"menu_order":1,"comment_status":"closed","ping_status":"closed","template":"","meta":{"ngg_post_thumbnail":0,"footnotes":"","_links_to":"","_links_to_target":""},"class_list":["post-1096","page","type-page","status-publish","hentry"],"_links":{"self":[{"href":"http:\/\/www.xn--bchburgschrnzer-0kbk.ch\/index.php?rest_route=\/wp\/v2\/pages\/1096","targetHints":{"allow":["GET"]}}],"collection":[{"href":"http:\/\/www.xn--bchburgschrnzer-0kbk.ch\/index.php?rest_route=\/wp\/v2\/pages"}],"about":[{"href":"http:\/\/www.xn--bchburgschrnzer-0kbk.ch\/index.php?rest_route=\/wp\/v2\/types\/page"}],"author":[{"embeddable":true,"href":"http:\/\/www.xn--bchburgschrnzer-0kbk.ch\/index.php?rest_route=\/wp\/v2\/users\/1"}],"replies":[{"embeddable":true,"href":"http:\/\/www.xn--bchburgschrnzer-0kbk.ch\/index.php?rest_route=%2Fwp%2Fv2%2Fcomments&post=1096"}],"version-history":[{"count":6,"href":"http:\/\/www.xn--bchburgschrnzer-0kbk.ch\/index.php?rest_route=\/wp\/v2\/pages\/1096\/revisions"}],"predecessor-version":[{"id":1505,"href":"http:\/\/www.xn--bchburgschrnzer-0kbk.ch\/index.php?rest_route=\/wp\/v2\/pages\/1096\/revisions\/1505"}],"wp:attachment":[{"href":"http:\/\/www.xn--bchburgschrnzer-0kbk.ch\/index.php?rest_route=%2Fwp%2Fv2%2Fmedia&parent=1096"}],"curies":[{"name":"wp","href":"https:\/\/api.w.org\/{rel}","templated":true}]}}