{"id":13,"date":"2014-08-11T11:30:25","date_gmt":"2014-08-11T10:30:25","guid":{"rendered":"http:\/\/www.xn--bchburgschrnzer-0kbk.ch\/?page_id=13"},"modified":"2021-03-18T21:17:14","modified_gmt":"2021-03-18T20:17:14","slug":"probi","status":"publish","type":"page","link":"http:\/\/www.xn--bchburgschrnzer-0kbk.ch\/?page_id=13","title":{"rendered":"Probi"},"content":{"rendered":"<p><strong>Hast du eine Band oder seid ihr ein Verein der ein Lokal sucht um sich zu treffen oder zu proben?<\/strong><\/p>\n<p>Wir haben die L\u00f6sung:<\/p>\n<p>Wir suchen Untermieter f\u00fcr unser Probelokal, wenn ihr Interesse habt meldet euch doch bei uns f\u00fcr n\u00e4here Informationen.<\/p>\n<p>Und wenn Ihr\/Du einen Raum auch nur f\u00fcr einen Tag oder Abend sucht. Meldet euch<\/p>\n<address><a href=\"mailto:tambi@baechburgschraenzer.ch\">jetzt melden<\/a><\/address>\n<table width=\"100%\" cellspacing=\"0\" cellpadding=\"0\" border=\"0\">\n<tbody>\n<tr>\n<td colspan=\"2\"><center><a href=\"http:\/\/www.xn--bchburgschrnzer-0kbk.ch\/wp-content\/uploads\/2014\/08\/Anfahrtsplan.jpg\"><img loading=\"lazy\" decoding=\"async\" class=\"alignnone size-medium wp-image-1102\" src=\"http:\/\/www.xn--bchburgschrnzer-0kbk.ch\/wp-content\/uploads\/2014\/08\/Anfahrtsplan-300x229.jpg\" alt=\"Anfahrtsplan\" width=\"300\" height=\"229\" srcset=\"http:\/\/www.xn--bchburgschrnzer-0kbk.ch\/wp-content\/uploads\/2014\/08\/Anfahrtsplan-300x229.jpg 300w, http:\/\/www.xn--bchburgschrnzer-0kbk.ch\/wp-content\/uploads\/2014\/08\/Anfahrtsplan-391x300.jpg 391w, http:\/\/www.xn--bchburgschrnzer-0kbk.ch\/wp-content\/uploads\/2014\/08\/Anfahrtsplan.jpg 401w\" sizes=\"auto, (max-width: 300px) 100vw, 300px\" \/><\/a><br \/>\nAdresse: Von Roll Areal 53, 4710 Klus<\/center><\/td>\n<\/tr>\n<tr>\n<td><a href=\"http:\/\/www.xn--bchburgschrnzer-0kbk.ch\/wp-content\/uploads\/2014\/08\/CIMG1761.jpg\"><img loading=\"lazy\" decoding=\"async\" class=\"alignnone size-medium wp-image-1103\" src=\"http:\/\/www.xn--bchburgschrnzer-0kbk.ch\/wp-content\/uploads\/2014\/08\/CIMG1761.jpg\" alt=\"CIMG1761\" width=\"290\" height=\"218\"><\/a><\/td>\n<td><a href=\"http:\/\/www.xn--bchburgschrnzer-0kbk.ch\/wp-content\/uploads\/2014\/08\/CIMG1762.jpg\"><img loading=\"lazy\" decoding=\"async\" class=\"alignnone size-medium wp-image-1104\" src=\"http:\/\/www.xn--bchburgschrnzer-0kbk.ch\/wp-content\/uploads\/2014\/08\/CIMG1762.jpg\" alt=\"CIMG1762\" width=\"290\" height=\"218\"><\/a><\/td>\n<\/tr>\n<tr>\n<td><a href=\"http:\/\/www.xn--bchburgschrnzer-0kbk.ch\/wp-content\/uploads\/2014\/08\/CIMG1763.jpg\"><img loading=\"lazy\" decoding=\"async\" class=\"alignnone size-medium wp-image-1105\" src=\"http:\/\/www.xn--bchburgschrnzer-0kbk.ch\/wp-content\/uploads\/2014\/08\/CIMG1763.jpg\" alt=\"CIMG1763\" width=\"290\" height=\"218\"><\/a><\/td>\n<td><a href=\"http:\/\/www.xn--bchburgschrnzer-0kbk.ch\/wp-content\/uploads\/2014\/08\/CIMG1764.jpg\"><img loading=\"lazy\" decoding=\"async\" class=\"alignnone size-medium wp-image-1106\" src=\"http:\/\/www.xn--bchburgschrnzer-0kbk.ch\/wp-content\/uploads\/2014\/08\/CIMG1764.jpg\" alt=\"CIMG1764\" width=\"290\" height=\"218\"><\/a><\/td>\n<\/tr>\n<tr>\n<td><a href=\"http:\/\/www.xn--bchburgschrnzer-0kbk.ch\/wp-content\/uploads\/2014\/08\/CIMG1765.jpg\"><img loading=\"lazy\" decoding=\"async\" class=\"alignnone size-medium wp-image-1107\" src=\"http:\/\/www.xn--bchburgschrnzer-0kbk.ch\/wp-content\/uploads\/2014\/08\/CIMG1765.jpg\" alt=\"CIMG1765\" width=\"290\" height=\"218\"><\/a><\/td>\n<td><a href=\"http:\/\/www.xn--bchburgschrnzer-0kbk.ch\/wp-content\/uploads\/2014\/08\/CIMG1766.jpg\"><img loading=\"lazy\" decoding=\"async\" class=\"alignnone size-medium wp-image-1108\" src=\"http:\/\/www.xn--bchburgschrnzer-0kbk.ch\/wp-content\/uploads\/2014\/08\/CIMG1766.jpg\" alt=\"CIMG1766\" width=\"290\" height=\"218\"><\/a><\/td>\n<\/tr>\n<tr>\n<td><a href=\"http:\/\/www.xn--bchburgschrnzer-0kbk.ch\/wp-content\/uploads\/2014\/08\/CIMG1767.jpg\"><img loading=\"lazy\" decoding=\"async\" class=\"alignnone size-medium wp-image-1109\" src=\"http:\/\/www.xn--bchburgschrnzer-0kbk.ch\/wp-content\/uploads\/2014\/08\/CIMG1767.jpg\" alt=\"CIMG1767\" width=\"290\" height=\"218\"><\/a><\/td>\n<td><a href=\"http:\/\/www.xn--bchburgschrnzer-0kbk.ch\/wp-content\/uploads\/2014\/08\/CIMG1768.jpg\"><img loading=\"lazy\" decoding=\"async\" class=\"alignnone size-medium wp-image-1110\" src=\"http:\/\/www.xn--bchburgschrnzer-0kbk.ch\/wp-content\/uploads\/2014\/08\/CIMG1768.jpg\" alt=\"CIMG1768\" width=\"290\" height=\"218\"><\/a><\/td>\n<\/tr>\n<\/tbody>\n<\/table>\n","protected":false},"excerpt":{"rendered":"<p>Hast du eine Band oder seid ihr ein Verein der ein Lokal sucht um sich zu treffen oder zu proben? Wir haben die L\u00f6sung: Wir suchen Untermieter f\u00fcr unser Probelokal, wenn ihr Interesse habt meldet euch doch bei uns f\u00fcr n\u00e4here Informationen. Und wenn Ihr\/Du einen Raum auch nur f\u00fcr einen Tag oder Abend sucht. &hellip; <\/p>\n<p class=\"link-more\"><a href=\"http:\/\/www.xn--bchburgschrnzer-0kbk.ch\/?page_id=13\" class=\"more-link\"><span class=\"screen-reader-text\">\u201eProbi\u201c <\/span>weiterlesen<\/a><\/p>\n","protected":false},"author":1,"featured_media":0,"parent":0,"menu_order":3,"comment_status":"closed","ping_status":"closed","template":"","meta":{"ngg_post_thumbnail":0,"footnotes":"","_links_to":"","_links_to_target":""},"class_list":["post-13","page","type-page","status-publish","hentry"],"_links":{"self":[{"href":"http:\/\/www.xn--bchburgschrnzer-0kbk.ch\/index.php?rest_route=\/wp\/v2\/pages\/13","targetHints":{"allow":["GET"]}}],"collection":[{"href":"http:\/\/www.xn--bchburgschrnzer-0kbk.ch\/index.php?rest_route=\/wp\/v2\/pages"}],"about":[{"href":"http:\/\/www.xn--bchburgschrnzer-0kbk.ch\/index.php?rest_route=\/wp\/v2\/types\/page"}],"author":[{"embeddable":true,"href":"http:\/\/www.xn--bchburgschrnzer-0kbk.ch\/index.php?rest_route=\/wp\/v2\/users\/1"}],"replies":[{"embeddable":true,"href":"http:\/\/www.xn--bchburgschrnzer-0kbk.ch\/index.php?rest_route=%2Fwp%2Fv2%2Fcomments&post=13"}],"version-history":[{"count":24,"href":"http:\/\/www.xn--bchburgschrnzer-0kbk.ch\/index.php?rest_route=\/wp\/v2\/pages\/13\/revisions"}],"predecessor-version":[{"id":1508,"href":"http:\/\/www.xn--bchburgschrnzer-0kbk.ch\/index.php?rest_route=\/wp\/v2\/pages\/13\/revisions\/1508"}],"wp:attachment":[{"href":"http:\/\/www.xn--bchburgschrnzer-0kbk.ch\/index.php?rest_route=%2Fwp%2Fv2%2Fmedia&parent=13"}],"curies":[{"name":"wp","href":"https:\/\/api.w.org\/{rel}","templated":true}]}}