{"id":25,"date":"2014-08-11T11:34:23","date_gmt":"2014-08-11T10:34:23","guid":{"rendered":"http:\/\/www.xn--bchburgschrnzer-0kbk.ch\/?page_id=25"},"modified":"2026-02-19T23:14:45","modified_gmt":"2026-02-19T22:14:45","slug":"links","status":"publish","type":"page","link":"http:\/\/www.xn--bchburgschrnzer-0kbk.ch\/?page_id=25","title":{"rendered":"Links"},"content":{"rendered":"\n<p><strong>GUGGENLINKS:<\/strong><\/p>\n\n\n\n<p><a href=\"http:\/\/www.buettysuger.ch\" target=\"_blank\" rel=\"noopener noreferrer\">B\u00dcTTY-SUGER BALSTHAL<\/a><br><a href=\"https:\/\/www.instagram.com\/ghuederhuefeli\/\" data-type=\"link\" data-id=\"https:\/\/www.instagram.com\/ghuederhuefeli\/\">GH\u00dcDERH\u00dcFELI M\u00dcLCHI<\/a><br><\/p>\n\n\n\n<p><strong>FREUNDE:<\/strong><\/p>\n\n\n\n<p><a href=\"https:\/\/www.gohl-reisen.ch\/\" data-type=\"link\" data-id=\"https:\/\/www.gohl-reisen.ch\/\">GOHL &#8211; CARREISEN<\/a><br><a href=\"http:\/\/www.zuralp.ch\" target=\"_blank\" rel=\"noopener noreferrer\">RESTAURANT ZUR ALP OBERBUCHSITEN<\/a><br><a href=\"http:\/\/www.kreuz.ch\" target=\"_blank\" rel=\"noopener noreferrer\">GASTHOF KREUZ EGERKINGEN<\/a><br><a href=\"http:\/\/www.straehl-druecktechnik.ch\" target=\"_blank\" rel=\"noopener noreferrer\">STR\u00c4HL DR\u00dcCKTECHNIK<\/a><br><a href=\"http:\/\/www.vogelherdclub.ch\" target=\"_blank\" rel=\"noopener noreferrer\">VOGELHERDCLUB OENSINGEN<\/a><br><a href=\"http:\/\/www.oltner-fasnacht.ch\" target=\"_blank\" rel=\"noopener noreferrer\">FASNACHT OLTEN<\/a><br><a href=\"http:\/\/www.igfasnacht.ch\" target=\"_blank\" rel=\"noopener noreferrer\">IG FASNACHT BUCHSI<\/a><\/p>\n\n\n\n<p><\/p>\n","protected":false},"excerpt":{"rendered":"<p>GUGGENLINKS: B\u00dcTTY-SUGER BALSTHALGH\u00dcDERH\u00dcFELI M\u00dcLCHI FREUNDE: GOHL &#8211; CARREISENRESTAURANT ZUR ALP OBERBUCHSITENGASTHOF KREUZ EGERKINGENSTR\u00c4HL DR\u00dcCKTECHNIKVOGELHERDCLUB OENSINGENFASNACHT OLTENIG FASNACHT BUCHSI<\/p>\n","protected":false},"author":1,"featured_media":0,"parent":0,"menu_order":60,"comment_status":"closed","ping_status":"closed","template":"sidebar-page.php","meta":{"ngg_post_thumbnail":0,"footnotes":"","_links_to":"","_links_to_target":""},"class_list":["post-25","page","type-page","status-publish","hentry"],"_links":{"self":[{"href":"http:\/\/www.xn--bchburgschrnzer-0kbk.ch\/index.php?rest_route=\/wp\/v2\/pages\/25","targetHints":{"allow":["GET"]}}],"collection":[{"href":"http:\/\/www.xn--bchburgschrnzer-0kbk.ch\/index.php?rest_route=\/wp\/v2\/pages"}],"about":[{"href":"http:\/\/www.xn--bchburgschrnzer-0kbk.ch\/index.php?rest_route=\/wp\/v2\/types\/page"}],"author":[{"embeddable":true,"href":"http:\/\/www.xn--bchburgschrnzer-0kbk.ch\/index.php?rest_route=\/wp\/v2\/users\/1"}],"replies":[{"embeddable":true,"href":"http:\/\/www.xn--bchburgschrnzer-0kbk.ch\/index.php?rest_route=%2Fwp%2Fv2%2Fcomments&post=25"}],"version-history":[{"count":13,"href":"http:\/\/www.xn--bchburgschrnzer-0kbk.ch\/index.php?rest_route=\/wp\/v2\/pages\/25\/revisions"}],"predecessor-version":[{"id":2356,"href":"http:\/\/www.xn--bchburgschrnzer-0kbk.ch\/index.php?rest_route=\/wp\/v2\/pages\/25\/revisions\/2356"}],"wp:attachment":[{"href":"http:\/\/www.xn--bchburgschrnzer-0kbk.ch\/index.php?rest_route=%2Fwp%2Fv2%2Fmedia&parent=25"}],"curies":[{"name":"wp","href":"https:\/\/api.w.org\/{rel}","templated":true}]}}