{"id":28,"date":"2014-08-11T11:37:19","date_gmt":"2014-08-11T10:37:19","guid":{"rendered":"http:\/\/www.xn--bchburgschrnzer-0kbk.ch\/?page_id=28"},"modified":"2025-11-02T19:17:42","modified_gmt":"2025-11-02T18:17:42","slug":"kontakt","status":"publish","type":"page","link":"http:\/\/www.xn--bchburgschrnzer-0kbk.ch\/?page_id=28","title":{"rendered":"Kontakt"},"content":{"rendered":"<p><strong>Pr\u00e4sidentin<\/strong><br \/>\nNina Studer<\/p>\n<p><a href=\"mailto:praesi@b\u00e4chbrugschr\u00e4nzer.ch\">praesi@b\u00e4chburgschr\u00e4nzer.ch<\/a><\/p>\n<table border=\"0\" width=\"100%\" cellspacing=\"0\" cellpadding=\"0\">\n<tbody>\n<tr>\n<td><strong>Tourenplaner<\/strong><br \/>\nStuber Barbara&nbsp; &nbsp;<\/p>\n<p><a href=\"mailto:barbarastuber11@gmail.com\">barbarastuber11@gmail.com<\/a><\/td>\n<td><strong>Musikalischer Leiter<\/strong><br \/>\nHug Andr\u00e9<\/p>\n<p><a href=\"mailto:tambi@b\u00e4chburgschr\u00e4nzer.ch\">tambi@b\u00e4chburgschr\u00e4nzer.ch<\/a><\/td>\n<\/tr>\n<\/tbody>\n<\/table>\n<div role=\"form\" class=\"wpcf7\" id=\"wpcf7-f27-o1\" lang=\"en-US\" dir=\"ltr\">\n<div class=\"screen-reader-response\"><p role=\"status\" aria-live=\"polite\" aria-atomic=\"true\"><\/p> <ul><\/ul><\/div>\n<form action=\"\/index.php?rest_route=%2Fwp%2Fv2%2Fpages%2F28#wpcf7-f27-o1\" method=\"post\" class=\"wpcf7-form init\" novalidate=\"novalidate\" data-status=\"init\">\n<div style=\"display: none;\">\n<input type=\"hidden\" name=\"_wpcf7\" value=\"27\" \/>\n<input type=\"hidden\" name=\"_wpcf7_version\" value=\"5.3.2\" \/>\n<input type=\"hidden\" name=\"_wpcf7_locale\" value=\"en_US\" \/>\n<input type=\"hidden\" name=\"_wpcf7_unit_tag\" value=\"wpcf7-f27-o1\" \/>\n<input type=\"hidden\" name=\"_wpcf7_container_post\" value=\"0\" \/>\n<input type=\"hidden\" name=\"_wpcf7_posted_data_hash\" value=\"\" \/>\n<\/div>\n<p>Ihr Name *<br \/>\n    <span class=\"wpcf7-form-control-wrap your-name\"><input type=\"text\" name=\"your-name\" value=\"\" size=\"40\" class=\"wpcf7-form-control wpcf7-text wpcf7-validates-as-required\" aria-required=\"true\" aria-invalid=\"false\" \/><\/span> <\/p>\n<p>Ihre E-Mail-Adresse *<br \/>\n    <span class=\"wpcf7-form-control-wrap your-email\"><input type=\"email\" name=\"your-email\" value=\"\" size=\"40\" class=\"wpcf7-form-control wpcf7-text wpcf7-email wpcf7-validates-as-required wpcf7-validates-as-email\" aria-required=\"true\" aria-invalid=\"false\" \/><\/span> <\/p>\n<p>Betreff<br \/>\n    <span class=\"wpcf7-form-control-wrap your-subject\"><input type=\"text\" name=\"your-subject\" value=\"\" size=\"40\" class=\"wpcf7-form-control wpcf7-text\" aria-invalid=\"false\" \/><\/span> <\/p>\n<p>Ihre Nachricht *<br \/>\n    <span class=\"wpcf7-form-control-wrap your-message\"><textarea name=\"your-message\" cols=\"40\" rows=\"10\" class=\"wpcf7-form-control wpcf7-textarea wpcf7-validates-as-required\" aria-required=\"true\" aria-invalid=\"false\"><\/textarea><\/span> <\/p>\n<p><input type=\"submit\" value=\"Senden\" class=\"wpcf7-form-control wpcf7-submit\" \/><\/p>\n<div class=\"wpcf7-response-output\" aria-hidden=\"true\"><\/div><\/form><\/div>\n","protected":false},"excerpt":{"rendered":"<p>Pr\u00e4sidentin Nina Studer praesi@b\u00e4chburgschr\u00e4nzer.ch Tourenplaner Stuber Barbara&nbsp; &nbsp; barbarastuber11@gmail.com Musikalischer Leiter Hug Andr\u00e9 tambi@b\u00e4chburgschr\u00e4nzer.ch<\/p>\n","protected":false},"author":1,"featured_media":0,"parent":0,"menu_order":40,"comment_status":"closed","ping_status":"closed","template":"sidebar-page.php","meta":{"ngg_post_thumbnail":0,"footnotes":"","_links_to":"","_links_to_target":""},"class_list":["post-28","page","type-page","status-publish","hentry"],"_links":{"self":[{"href":"http:\/\/www.xn--bchburgschrnzer-0kbk.ch\/index.php?rest_route=\/wp\/v2\/pages\/28","targetHints":{"allow":["GET"]}}],"collection":[{"href":"http:\/\/www.xn--bchburgschrnzer-0kbk.ch\/index.php?rest_route=\/wp\/v2\/pages"}],"about":[{"href":"http:\/\/www.xn--bchburgschrnzer-0kbk.ch\/index.php?rest_route=\/wp\/v2\/types\/page"}],"author":[{"embeddable":true,"href":"http:\/\/www.xn--bchburgschrnzer-0kbk.ch\/index.php?rest_route=\/wp\/v2\/users\/1"}],"replies":[{"embeddable":true,"href":"http:\/\/www.xn--bchburgschrnzer-0kbk.ch\/index.php?rest_route=%2Fwp%2Fv2%2Fcomments&post=28"}],"version-history":[{"count":24,"href":"http:\/\/www.xn--bchburgschrnzer-0kbk.ch\/index.php?rest_route=\/wp\/v2\/pages\/28\/revisions"}],"predecessor-version":[{"id":2208,"href":"http:\/\/www.xn--bchburgschrnzer-0kbk.ch\/index.php?rest_route=\/wp\/v2\/pages\/28\/revisions\/2208"}],"wp:attachment":[{"href":"http:\/\/www.xn--bchburgschrnzer-0kbk.ch\/index.php?rest_route=%2Fwp%2Fv2%2Fmedia&parent=28"}],"curies":[{"name":"wp","href":"https:\/\/api.w.org\/{rel}","templated":true}]}}